{"id":1557,"date":"2025-05-06T15:14:01","date_gmt":"2025-05-06T15:14:01","guid":{"rendered":"https:\/\/vitaliaquiro.com\/correccion-postural\/"},"modified":"2025-07-25T17:52:47","modified_gmt":"2025-07-25T17:52:47","slug":"correccion-postural","status":"publish","type":"page","link":"https:\/\/vitaliaquiro.com\/es\/correccion-postural\/","title":{"rendered":"Correcci\u00f3n postural"},"content":{"rendered":"\t\t<div data-elementor-type=\"wp-page\" data-elementor-id=\"1557\" class=\"elementor elementor-1557 elementor-434\" data-elementor-post-type=\"page\">\n\t\t\t\t\t\t<section class=\"elementor-section elementor-top-section elementor-element elementor-element-2ab8bb67 elementor-section-height-min-height elementor-section-boxed elementor-section-height-default elementor-section-items-middle\" data-id=\"2ab8bb67\" data-element_type=\"section\" data-settings=\"{&quot;background_background&quot;:&quot;classic&quot;}\">\n\t\t\t\t\t\t\t<div class=\"elementor-background-overlay\"><\/div>\n\t\t\t\t\t\t\t<div class=\"elementor-container elementor-column-gap-default\">\n\t\t\t\t\t<div class=\"elementor-column elementor-col-100 elementor-top-column elementor-element elementor-element-5eac899d\" data-id=\"5eac899d\" data-element_type=\"column\">\n\t\t\t<div class=\"elementor-widget-wrap elementor-element-populated\">\n\t\t\t\t\t\t<div class=\"elementor-element elementor-element-58c9dec5 elementor-widget elementor-widget-heading\" data-id=\"58c9dec5\" data-element_type=\"widget\" data-widget_type=\"heading.default\">\n\t\t\t\t<div class=\"elementor-widget-container\">\n\t\t\t\t\t<h2 class=\"elementor-heading-title elementor-size-default\">Correcci\u00f3n postural<\/h2>\t\t\t\t<\/div>\n\t\t\t\t<\/div>\n\t\t\t\t<div class=\"elementor-element elementor-element-75dceeb0 elementor-widget elementor-widget-text-editor\" data-id=\"75dceeb0\" data-element_type=\"widget\" data-widget_type=\"text-editor.default\">\n\t\t\t\t<div class=\"elementor-widget-container\">\n\t\t\t\t\t\t\t\t\t<p><a href=\"https:\/\/vitaliaquiro.com\/es\/\">Inicio<\/a> &gt; Correcci\u00f3n postural<\/p>\t\t\t\t\t\t\t\t<\/div>\n\t\t\t\t<\/div>\n\t\t\t\t\t<\/div>\n\t\t<\/div>\n\t\t\t\t\t<\/div>\n\t\t<\/section>\n\t\t<div class=\"elementor-element elementor-element-3719f1e4 e-flex e-con-boxed e-con e-parent\" data-id=\"3719f1e4\" data-element_type=\"container\" data-settings=\"{&quot;background_background&quot;:&quot;classic&quot;}\">\n\t\t\t\t\t<div class=\"e-con-inner\">\n\t\t<div class=\"elementor-element elementor-element-5b839406 e-con-full e-flex e-con e-child\" data-id=\"5b839406\" data-element_type=\"container\">\n\t\t\t\t<div class=\"elementor-element elementor-element-35b356e6 elementor-widget elementor-widget-heading\" data-id=\"35b356e6\" data-element_type=\"widget\" data-widget_type=\"heading.default\">\n\t\t\t\t<div class=\"elementor-widget-container\">\n\t\t\t\t\t<h2 class=\"elementor-heading-title elementor-size-default\">Recupera una Postura Expansiva y Atractiva,  \n<\/h2>\t\t\t\t<\/div>\n\t\t\t\t<\/div>\n\t\t\t\t<div class=\"elementor-element elementor-element-dcbd8d4 elementor-widget elementor-widget-heading\" data-id=\"dcbd8d4\" data-element_type=\"widget\" data-widget_type=\"heading.default\">\n\t\t\t\t<div class=\"elementor-widget-container\">\n\t\t\t\t\t<h3 class=\"elementor-heading-title elementor-size-default\">con Ejercicios de Correcci\u00f3n Neuropostural.\n<\/h3>\t\t\t\t<\/div>\n\t\t\t\t<\/div>\n\t\t\t\t<div class=\"elementor-element elementor-element-77173ad5 elementor-widget elementor-widget-text-editor\" data-id=\"77173ad5\" data-element_type=\"widget\" data-widget_type=\"text-editor.default\">\n\t\t\t\t<div class=\"elementor-widget-container\">\n\t\t\t\t\t\t\t\t\t<p>En la era digital y del sedentarismo, <b>se necesitan nuevas soluciones<\/b> para recuperar una postura \u00f3ptima; para mantenerse <b>libre de dolores de cabeza, de cuello, de espalda, problemas de equilibrio y de fatiga cerebral.<\/b><\/p>\t\t\t\t\t\t\t\t<\/div>\n\t\t\t\t<\/div>\n\t\t\t\t<\/div>\n\t\t<div class=\"elementor-element elementor-element-2e683912 e-con-full e-flex e-con e-child\" data-id=\"2e683912\" data-element_type=\"container\">\n\t\t\t\t<div class=\"elementor-element elementor-element-7dba9493 elementor-widget elementor-widget-image\" data-id=\"7dba9493\" data-element_type=\"widget\" data-widget_type=\"image.default\">\n\t\t\t\t<div class=\"elementor-widget-container\">\n\t\t\t\t\t\t\t\t\t\t\t\t\t\t\t<img fetchpriority=\"high\" decoding=\"async\" width=\"1024\" height=\"1024\" src=\"https:\/\/vitaliaquiro.com\/wp-content\/uploads\/great-posture-with-dr-Muriel-Poli-dc-optimised.jpg\" class=\"attachment-full size-full wp-image-2309\" alt=\"Great Posture with Dr Muriel Poli, DC at Vitalia Quiropractica\" srcset=\"https:\/\/vitaliaquiro.com\/wp-content\/uploads\/great-posture-with-dr-Muriel-Poli-dc-optimised.jpg 1024w, https:\/\/vitaliaquiro.com\/wp-content\/uploads\/great-posture-with-dr-Muriel-Poli-dc-optimised-300x300.jpg 300w, https:\/\/vitaliaquiro.com\/wp-content\/uploads\/great-posture-with-dr-Muriel-Poli-dc-optimised-150x150.jpg 150w, https:\/\/vitaliaquiro.com\/wp-content\/uploads\/great-posture-with-dr-Muriel-Poli-dc-optimised-768x768.jpg 768w\" sizes=\"(max-width: 1024px) 100vw, 1024px\" \/>\t\t\t\t\t\t\t\t\t\t\t\t\t\t\t<\/div>\n\t\t\t\t<\/div>\n\t\t\t\t<\/div>\n\t\t\t\t\t<\/div>\n\t\t\t\t<\/div>\n\t\t\t\t<section class=\"elementor-section elementor-top-section elementor-element elementor-element-3ebfe891 elementor-reverse-tablet elementor-reverse-mobile elementor-section-boxed elementor-section-height-default elementor-section-height-default\" data-id=\"3ebfe891\" data-element_type=\"section\">\n\t\t\t\t\t\t<div class=\"elementor-container elementor-column-gap-default\">\n\t\t\t\t\t<div class=\"elementor-column elementor-col-100 elementor-top-column elementor-element elementor-element-261ac56c\" data-id=\"261ac56c\" data-element_type=\"column\">\n\t\t\t<div class=\"elementor-widget-wrap elementor-element-populated\">\n\t\t\t\t\t\t<div class=\"elementor-element elementor-element-e3b22c4 elementor-widget elementor-widget-text-editor\" data-id=\"e3b22c4\" data-element_type=\"widget\" data-widget_type=\"text-editor.default\">\n\t\t\t\t<div class=\"elementor-widget-container\">\n\t\t\t\t\t\t\t\t\t<p>La formaci\u00f3n avanzada de Muriel Poli, DC en Neurolog\u00eda de la Postura y Ergonom\u00eda Digital, le permite <strong>corregir los eslabones m\u00e1s d\u00e9biles.<\/strong><\/p>\t\t\t\t\t\t\t\t<\/div>\n\t\t\t\t<\/div>\n\t\t\t\t<div class=\"elementor-element elementor-element-cafdf6e elementor-widget elementor-widget-text-editor\" data-id=\"cafdf6e\" data-element_type=\"widget\" data-widget_type=\"text-editor.default\">\n\t\t\t\t<div class=\"elementor-widget-container\">\n\t\t\t\t\t\t\t\t\t<p>Llevamos a Barcelona nuestro <strong>enfoque innovador<\/strong>, que empieza por identificar correctamente qu\u00e9 parte del sistema de control de la postura necesita fortalecer.<\/p><p>Una vez tengamos tu an\u00e1lisis completa, te daremos <strong>ejercicios<\/strong> neurol\u00f3gicos y de <strong>correcci\u00f3n postural<\/strong> individualizados <strong>para hacer en el trabajo, la escuela o en casa,<\/strong> <strong>para producir cambios duraderos.<\/strong><\/p><p>Esto puede conducir a un aumento de <strong>la energ\u00eda, la concentraci\u00f3n, <\/strong>un mayor <strong>\u00e9xito acad\u00e9mico<\/strong> y un mayor disfrute en el trabajo y en la escuela.<\/p>\t\t\t\t\t\t\t\t<\/div>\n\t\t\t\t<\/div>\n\t\t\t\t<div class=\"elementor-element elementor-element-312be285 elementor-widget elementor-widget-spacer\" data-id=\"312be285\" data-element_type=\"widget\" data-widget_type=\"spacer.default\">\n\t\t\t\t<div class=\"elementor-widget-container\">\n\t\t\t\t\t\t\t<div class=\"elementor-spacer\">\n\t\t\t<div class=\"elementor-spacer-inner\"><\/div>\n\t\t<\/div>\n\t\t\t\t\t\t<\/div>\n\t\t\t\t<\/div>\n\t\t\t\t<div class=\"elementor-element elementor-element-10cf5335 elementor-widget elementor-widget-heading\" data-id=\"10cf5335\" data-element_type=\"widget\" data-widget_type=\"heading.default\">\n\t\t\t\t<div class=\"elementor-widget-container\">\n\t\t\t\t\t<h4 class=\"elementor-heading-title elementor-size-default\">Consulta a continuaci\u00f3n una descripci\u00f3n m\u00e1s detallada de las estrategias utilizadas y que tambi\u00e9n se emplean en casos de escoliosis.\n<\/h4>\t\t\t\t<\/div>\n\t\t\t\t<\/div>\n\t\t\t\t\t<\/div>\n\t\t<\/div>\n\t\t\t\t\t<\/div>\n\t\t<\/section>\n\t\t<div class=\"elementor-element elementor-element-edb4dde e-con-full e-flex e-con e-parent\" data-id=\"edb4dde\" data-element_type=\"container\" data-settings=\"{&quot;background_background&quot;:&quot;classic&quot;}\">\n\t\t<div class=\"elementor-element elementor-element-782ce0a7 e-con-full e-flex e-con e-child\" data-id=\"782ce0a7\" data-element_type=\"container\">\n\t\t<div class=\"elementor-element elementor-element-46697909 e-con-full e-flex e-con e-child\" data-id=\"46697909\" data-element_type=\"container\" data-settings=\"{&quot;background_background&quot;:&quot;classic&quot;}\">\n\t\t\t\t<div class=\"elementor-element elementor-element-13dd82ff elementor-widget elementor-widget-icon-box\" data-id=\"13dd82ff\" data-element_type=\"widget\" data-widget_type=\"icon-box.default\">\n\t\t\t\t<div class=\"elementor-widget-container\">\n\t\t\t\t\t\t\t<div class=\"elementor-icon-box-wrapper\">\n\n\t\t\t\n\t\t\t\t\t\t<div class=\"elementor-icon-box-content\">\n\n\t\t\t\t\t\t\t\t\t<h3 class=\"elementor-icon-box-title\">\n\t\t\t\t\t\t<span  >\n\t\t\t\t\t\t\tVivir una vida plena y activa con escoliosis.  \t\t\t\t\t\t<\/span>\n\t\t\t\t\t<\/h3>\n\t\t\t\t\n\t\t\t\t\t\t\t\t\t<p class=\"elementor-icon-box-description\">\n\t\t\t\t\t\tEn Vitalia Quiropr\u00e1ctica Barcelona ofrecemos un enfoque seguro, no invasivo y natural para ayudar a las personas con escoliosis.<br><br><ul>\n<li> <b>El primer paso<\/b> consiste en una evaluaci\u00f3n neurol\u00f3gica y mec\u00e1nico-corporal completa de los distintos elementos del \u201cS\u00edndrome de Escoliosis\u201d y mediciones radiogr\u00e1ficas.<\/li><br><li><b>Ajustes quiropr\u00e1cticos suaves<\/b>, para reducir la rigidez articular y los desajustes de la columna vertebral, disminuir la tensi\u00f3n en la m\u00e9dula espinal, todo lo cual optimiza la funci\u00f3n del sistema nervioso, la salud de la columna vertebral y la postura.<\/li><br><li><b>Los Ejercicios de Equilibrio y de los M\u00fasculos Oculares Espec\u00edficos de la Persona<\/b>, los Ejercicios de Coordinaci\u00f3n y de Reflejos de Extensi\u00f3n que producen alivio, junto con los Ejercicios de los M\u00fasculos y de la Espalda.<\/li><br><li>Estimulaciones posturales <b>rehabilitadoras en consulta<\/b>, basadas en los resultados de la exploraci\u00f3n<\/li><br><li><b>Terapia de suplementos<\/b> para ayudar con la digesti\u00f3n, los ligamentos flojos.<\/li><br><li><b>Revisi\u00f3n de la dieta<\/b>, para asegurarte de que tienes lo que necesitas para crecer, digerir y limitar la inflamaci\u00f3n que produce el dolor.<\/li>\n<\/ul><br><b>Este enfoque te proporciona herramientas para que optimices la salud y la alineaci\u00f3n de tu columna vertebral<\/b> y <b>liberes el dolor<\/b>, adquieras una <b>postura<\/b> m\u00e1s <b>erguida<\/b>, te <b>mejor concentraci\u00f3n<\/b> y aumentes tu <b>participaci\u00f3n en las actividades que te gusta hacer.<\/b>\t\t\t\t\t<\/p>\n\t\t\t\t\n\t\t\t<\/div>\n\t\t\t\n\t\t<\/div>\n\t\t\t\t\t\t<\/div>\n\t\t\t\t<\/div>\n\t\t\t\t<\/div>\n\t\t<div class=\"elementor-element elementor-element-2432ce38 e-con-full e-flex e-con e-child\" data-id=\"2432ce38\" data-element_type=\"container\" data-settings=\"{&quot;background_background&quot;:&quot;classic&quot;}\">\n\t\t\t\t<\/div>\n\t\t\t\t<\/div>\n\t\t<div class=\"elementor-element elementor-element-454fae97 e-con-full e-flex e-con e-child\" data-id=\"454fae97\" data-element_type=\"container\" data-settings=\"{&quot;background_background&quot;:&quot;classic&quot;}\">\n\t\t<div class=\"elementor-element elementor-element-3da0a41c e-con-full e-flex e-con e-child\" data-id=\"3da0a41c\" data-element_type=\"container\" data-settings=\"{&quot;background_background&quot;:&quot;classic&quot;}\">\n\t\t\t\t<\/div>\n\t\t<div class=\"elementor-element elementor-element-60230c13 e-con-full e-flex e-con e-child\" data-id=\"60230c13\" data-element_type=\"container\">\n\t\t\t\t<div class=\"elementor-element elementor-element-4adc918e elementor-widget elementor-widget-icon-box\" data-id=\"4adc918e\" data-element_type=\"widget\" data-widget_type=\"icon-box.default\">\n\t\t\t\t<div class=\"elementor-widget-container\">\n\t\t\t\t\t\t\t<div class=\"elementor-icon-box-wrapper\">\n\n\t\t\t\n\t\t\t\t\t\t<div class=\"elementor-icon-box-content\">\n\n\t\t\t\t\t\t\t\t\t<h3 class=\"elementor-icon-box-title\">\n\t\t\t\t\t\t<span  >\n\t\t\t\t\t\t\t\u00bfQu\u00e9 es una escoliosis?\t\t\t\t\t\t<\/span>\n\t\t\t\t\t<\/h3>\n\t\t\t\t\n\t\t\t\t\t\t\t\t\t<p class=\"elementor-icon-box-description\">\n\t\t\t\t\t\tLa escoliosis es una curvatura lateral de la columna vertebral.  \n Es m\u00e1s  <b>frecuente en las adolescentes y suele producirse durante el \ncrecimiento. La detecci\u00f3n temprana es clave para prevenir m\u00e1s distorsiones.<\/b> <br><br>La calidad de vida puede verse afectada: la participaci\u00f3n en deportes puede verse limitada<\/b><b> por el dolor y falta de equilibrio<\/b>, poder sentarse c\u00f3modamente, lo que puede <b>afectar a las calificaciones y la concentraci\u00f3n...<\/b> \n\n <br><br><b>\u00bfQu\u00e9 causa una escoliosis?<\/b> <br>Muriel Poli, DC considera que la Escoliosis es mucho m\u00e1s que desviaciones de la columna. &lt;br<br> <br> Pacientes con escoliosis pueden tener un equilibrio \u201cdesajustado\u201d; tambi\u00e9n pueden presentar desequilibrios hormonales, ligamentos flojos y a veces problemas digestivos...\n\t\t\t\t\t<\/p>\n\t\t\t\t\n\t\t\t<\/div>\n\t\t\t\n\t\t<\/div>\n\t\t\t\t\t\t<\/div>\n\t\t\t\t<\/div>\n\t\t\t\t<\/div>\n\t\t\t\t<\/div>\n\t\t\t\t<\/div>\n\t\t<div class=\"elementor-element elementor-element-774bf4bb e-con-full e-flex e-con e-parent\" data-id=\"774bf4bb\" data-element_type=\"container\" data-settings=\"{&quot;background_background&quot;:&quot;classic&quot;}\">\n\t\t<div class=\"elementor-element elementor-element-4d829072 e-con-full e-flex e-con e-child\" data-id=\"4d829072\" data-element_type=\"container\">\n\t\t\t\t<div class=\"elementor-element elementor-element-72458ee elementor-widget elementor-widget-heading\" data-id=\"72458ee\" data-element_type=\"widget\" data-widget_type=\"heading.default\">\n\t\t\t\t<div class=\"elementor-widget-container\">\n\t\t\t\t\t<h2 class=\"elementor-heading-title elementor-size-default\"> \u00bfEst\u00e1 sana tu columna?<\/h2>\t\t\t\t<\/div>\n\t\t\t\t<\/div>\n\t\t\t\t<div class=\"elementor-element elementor-element-3e5390d1 elementor-widget elementor-widget-heading\" data-id=\"3e5390d1\" data-element_type=\"widget\" data-widget_type=\"heading.default\">\n\t\t\t\t<div class=\"elementor-widget-container\">\n\t\t\t\t\t<h3 class=\"elementor-heading-title elementor-size-default\">Averig\u00fc\u00e9moslo.\nReserva una consulta hoy y d\u00e9 el primer paso hacia una mejor postura, equilibrio y energ\u00eda, de manera natural y hol\u00edstica.<\/h3>\t\t\t\t<\/div>\n\t\t\t\t<\/div>\n\t\t\t\t<div class=\"elementor-element elementor-element-1a66bf4d elementor-tablet-align-left elementor-mobile-align-center elementor-widget elementor-widget-button\" data-id=\"1a66bf4d\" data-element_type=\"widget\" data-widget_type=\"button.default\">\n\t\t\t\t<div class=\"elementor-widget-container\">\n\t\t\t\t\t\t\t\t\t<div class=\"elementor-button-wrapper\">\n\t\t\t\t\t<a class=\"elementor-button elementor-button-link elementor-size-md\" href=\"https:\/\/vitaliaquiro.com\/contact\/\">\n\t\t\t\t\t\t<span class=\"elementor-button-content-wrapper\">\n\t\t\t\t\t\t\t\t\t<span class=\"elementor-button-text\">Reserva tu consulta &gt;<\/span>\n\t\t\t\t\t<\/span>\n\t\t\t\t\t<\/a>\n\t\t\t\t<\/div>\n\t\t\t\t\t\t\t\t<\/div>\n\t\t\t\t<\/div>\n\t\t\t\t<\/div>\n\t\t<div class=\"elementor-element elementor-element-35f57fb e-con-full e-flex e-con e-child\" data-id=\"35f57fb\" data-element_type=\"container\" data-settings=\"{&quot;background_background&quot;:&quot;classic&quot;}\">\n\t\t\t\t<\/div>\n\t\t\t\t<\/div>\n\t\t\t\t<\/div>\n\t\t","protected":false},"excerpt":{"rendered":"<p>Inicio &gt; Correcci\u00f3n postural Recupera una Postura Expansiva y Atractiva, con Ejercicios de Correcci\u00f3n Neuropostural. En la era digital y del sedentarismo, se necesitan nuevas soluciones para recuperar una postura \u00f3ptima; para mantenerse libre de dolores de cabeza, de cuello, de espalda, problemas de equilibrio y de fatiga cerebral. La formaci\u00f3n avanzada de Muriel Poli, [&hellip;]<\/p>\n","protected":false},"author":1,"featured_media":0,"parent":0,"menu_order":0,"comment_status":"closed","ping_status":"closed","template":"","meta":{"footnotes":""},"class_list":["post-1557","page","type-page","status-publish","hentry"],"yoast_head":"<!-- This site is optimized with the Yoast SEO plugin v25.6 - https:\/\/yoast.com\/wordpress\/plugins\/seo\/ -->\n<title>Correcci\u00f3n postural - Vitalia Chiropractic Barcelona<\/title>\n<meta name=\"robots\" content=\"index, follow, max-snippet:-1, max-image-preview:large, max-video-preview:-1\" \/>\n<link rel=\"canonical\" href=\"https:\/\/vitaliaquiro.com\/es\/correccion-postural\/\" \/>\n<meta property=\"og:locale\" content=\"es_ES\" \/>\n<meta property=\"og:type\" content=\"article\" \/>\n<meta property=\"og:title\" content=\"Correcci\u00f3n postural - Vitalia Chiropractic Barcelona\" \/>\n<meta property=\"og:description\" content=\"Inicio &gt; Correcci\u00f3n postural Recupera una Postura Expansiva y Atractiva, con Ejercicios de Correcci\u00f3n Neuropostural. En la era digital y del sedentarismo, se necesitan nuevas soluciones para recuperar una postura \u00f3ptima; para mantenerse libre de dolores de cabeza, de cuello, de espalda, problemas de equilibrio y de fatiga cerebral. La formaci\u00f3n avanzada de Muriel Poli, [&hellip;]\" \/>\n<meta property=\"og:url\" content=\"https:\/\/vitaliaquiro.com\/es\/correccion-postural\/\" \/>\n<meta property=\"og:site_name\" content=\"Vitalia Chiropractic Barcelona\" \/>\n<meta property=\"article:modified_time\" content=\"2025-07-25T17:52:47+00:00\" \/>\n<meta property=\"og:image\" content=\"https:\/\/vitaliaquiro.com\/wp-content\/uploads\/great-posture-with-dr-Muriel-Poli-dc-optimised.jpg\" \/>\n\t<meta property=\"og:image:width\" content=\"1024\" \/>\n\t<meta property=\"og:image:height\" content=\"1024\" \/>\n\t<meta property=\"og:image:type\" content=\"image\/jpeg\" \/>\n<meta name=\"twitter:card\" content=\"summary_large_image\" \/>\n<meta name=\"twitter:label1\" content=\"Tiempo de lectura\" \/>\n\t<meta name=\"twitter:data1\" content=\"2 minutos\" \/>\n<script type=\"application\/ld+json\" class=\"yoast-schema-graph\">{\"@context\":\"https:\/\/schema.org\",\"@graph\":[{\"@type\":\"WebPage\",\"@id\":\"https:\/\/vitaliaquiro.com\/es\/correccion-postural\/\",\"url\":\"https:\/\/vitaliaquiro.com\/es\/correccion-postural\/\",\"name\":\"Correcci\u00f3n postural - Vitalia Chiropractic Barcelona\",\"isPartOf\":{\"@id\":\"https:\/\/vitaliaquiro.com\/es\/#website\"},\"primaryImageOfPage\":{\"@id\":\"https:\/\/vitaliaquiro.com\/es\/correccion-postural\/#primaryimage\"},\"image\":{\"@id\":\"https:\/\/vitaliaquiro.com\/es\/correccion-postural\/#primaryimage\"},\"thumbnailUrl\":\"https:\/\/vitaliaquiro.com\/wp-content\/uploads\/great-posture-with-dr-Muriel-Poli-dc-optimised.jpg\",\"datePublished\":\"2025-05-06T15:14:01+00:00\",\"dateModified\":\"2025-07-25T17:52:47+00:00\",\"breadcrumb\":{\"@id\":\"https:\/\/vitaliaquiro.com\/es\/correccion-postural\/#breadcrumb\"},\"inLanguage\":\"es\",\"potentialAction\":[{\"@type\":\"ReadAction\",\"target\":[\"https:\/\/vitaliaquiro.com\/es\/correccion-postural\/\"]}]},{\"@type\":\"ImageObject\",\"inLanguage\":\"es\",\"@id\":\"https:\/\/vitaliaquiro.com\/es\/correccion-postural\/#primaryimage\",\"url\":\"https:\/\/vitaliaquiro.com\/wp-content\/uploads\/great-posture-with-dr-Muriel-Poli-dc-optimised.jpg\",\"contentUrl\":\"https:\/\/vitaliaquiro.com\/wp-content\/uploads\/great-posture-with-dr-Muriel-Poli-dc-optimised.jpg\"},{\"@type\":\"BreadcrumbList\",\"@id\":\"https:\/\/vitaliaquiro.com\/es\/correccion-postural\/#breadcrumb\",\"itemListElement\":[{\"@type\":\"ListItem\",\"position\":1,\"name\":\"Home\",\"item\":\"https:\/\/vitaliaquiro.com\/es\/\"},{\"@type\":\"ListItem\",\"position\":2,\"name\":\"Correcci\u00f3n postural\"}]},{\"@type\":\"WebSite\",\"@id\":\"https:\/\/vitaliaquiro.com\/es\/#website\",\"url\":\"https:\/\/vitaliaquiro.com\/es\/\",\"name\":\"Vitalia Chiropr\u00e1ctica Barcelona\",\"description\":\"Integrated approach to rebuilding Vibrant Health &amp; Optimal Posture, so you can Look, Move &amp; Feel great!\",\"publisher\":{\"@id\":\"https:\/\/vitaliaquiro.com\/es\/#organization\"},\"potentialAction\":[{\"@type\":\"SearchAction\",\"target\":{\"@type\":\"EntryPoint\",\"urlTemplate\":\"https:\/\/vitaliaquiro.com\/es\/?s={search_term_string}\"},\"query-input\":{\"@type\":\"PropertyValueSpecification\",\"valueRequired\":true,\"valueName\":\"search_term_string\"}}],\"inLanguage\":\"es\"},{\"@type\":\"Organization\",\"@id\":\"https:\/\/vitaliaquiro.com\/es\/#organization\",\"name\":\"Vitalia Chiropr\u00e1ctica Barcelona\",\"url\":\"https:\/\/vitaliaquiro.com\/es\/\",\"logo\":{\"@type\":\"ImageObject\",\"inLanguage\":\"es\",\"@id\":\"https:\/\/vitaliaquiro.com\/es\/#\/schema\/logo\/image\/\",\"url\":\"https:\/\/vitaliaquiro.com\/wp-content\/uploads\/Final-logo-09-e1748589819666.png\",\"contentUrl\":\"https:\/\/vitaliaquiro.com\/wp-content\/uploads\/Final-logo-09-e1748589819666.png\",\"width\":2200,\"height\":748,\"caption\":\"Vitalia Chiropr\u00e1ctica Barcelona\"},\"image\":{\"@id\":\"https:\/\/vitaliaquiro.com\/es\/#\/schema\/logo\/image\/\"},\"sameAs\":[\"https:\/\/www.instagram.com\/drmuriel.neurology\/\",\"https:\/\/www.linkedin.com\/company\/vitalia-quiropractica\/\"]}]}<\/script>\n<!-- \/ Yoast SEO plugin. -->","yoast_head_json":{"title":"Correcci\u00f3n postural - Vitalia Chiropractic Barcelona","robots":{"index":"index","follow":"follow","max-snippet":"max-snippet:-1","max-image-preview":"max-image-preview:large","max-video-preview":"max-video-preview:-1"},"canonical":"https:\/\/vitaliaquiro.com\/es\/correccion-postural\/","og_locale":"es_ES","og_type":"article","og_title":"Correcci\u00f3n postural - Vitalia Chiropractic Barcelona","og_description":"Inicio &gt; Correcci\u00f3n postural Recupera una Postura Expansiva y Atractiva, con Ejercicios de Correcci\u00f3n Neuropostural. En la era digital y del sedentarismo, se necesitan nuevas soluciones para recuperar una postura \u00f3ptima; para mantenerse libre de dolores de cabeza, de cuello, de espalda, problemas de equilibrio y de fatiga cerebral. La formaci\u00f3n avanzada de Muriel Poli, [&hellip;]","og_url":"https:\/\/vitaliaquiro.com\/es\/correccion-postural\/","og_site_name":"Vitalia Chiropractic Barcelona","article_modified_time":"2025-07-25T17:52:47+00:00","og_image":[{"width":1024,"height":1024,"url":"https:\/\/vitaliaquiro.com\/wp-content\/uploads\/great-posture-with-dr-Muriel-Poli-dc-optimised.jpg","type":"image\/jpeg"}],"twitter_card":"summary_large_image","twitter_misc":{"Tiempo de lectura":"2 minutos"},"schema":{"@context":"https:\/\/schema.org","@graph":[{"@type":"WebPage","@id":"https:\/\/vitaliaquiro.com\/es\/correccion-postural\/","url":"https:\/\/vitaliaquiro.com\/es\/correccion-postural\/","name":"Correcci\u00f3n postural - Vitalia Chiropractic Barcelona","isPartOf":{"@id":"https:\/\/vitaliaquiro.com\/es\/#website"},"primaryImageOfPage":{"@id":"https:\/\/vitaliaquiro.com\/es\/correccion-postural\/#primaryimage"},"image":{"@id":"https:\/\/vitaliaquiro.com\/es\/correccion-postural\/#primaryimage"},"thumbnailUrl":"https:\/\/vitaliaquiro.com\/wp-content\/uploads\/great-posture-with-dr-Muriel-Poli-dc-optimised.jpg","datePublished":"2025-05-06T15:14:01+00:00","dateModified":"2025-07-25T17:52:47+00:00","breadcrumb":{"@id":"https:\/\/vitaliaquiro.com\/es\/correccion-postural\/#breadcrumb"},"inLanguage":"es","potentialAction":[{"@type":"ReadAction","target":["https:\/\/vitaliaquiro.com\/es\/correccion-postural\/"]}]},{"@type":"ImageObject","inLanguage":"es","@id":"https:\/\/vitaliaquiro.com\/es\/correccion-postural\/#primaryimage","url":"https:\/\/vitaliaquiro.com\/wp-content\/uploads\/great-posture-with-dr-Muriel-Poli-dc-optimised.jpg","contentUrl":"https:\/\/vitaliaquiro.com\/wp-content\/uploads\/great-posture-with-dr-Muriel-Poli-dc-optimised.jpg"},{"@type":"BreadcrumbList","@id":"https:\/\/vitaliaquiro.com\/es\/correccion-postural\/#breadcrumb","itemListElement":[{"@type":"ListItem","position":1,"name":"Home","item":"https:\/\/vitaliaquiro.com\/es\/"},{"@type":"ListItem","position":2,"name":"Correcci\u00f3n postural"}]},{"@type":"WebSite","@id":"https:\/\/vitaliaquiro.com\/es\/#website","url":"https:\/\/vitaliaquiro.com\/es\/","name":"Vitalia Chiropr\u00e1ctica Barcelona","description":"Integrated approach to rebuilding Vibrant Health &amp; Optimal Posture, so you can Look, Move &amp; Feel great!","publisher":{"@id":"https:\/\/vitaliaquiro.com\/es\/#organization"},"potentialAction":[{"@type":"SearchAction","target":{"@type":"EntryPoint","urlTemplate":"https:\/\/vitaliaquiro.com\/es\/?s={search_term_string}"},"query-input":{"@type":"PropertyValueSpecification","valueRequired":true,"valueName":"search_term_string"}}],"inLanguage":"es"},{"@type":"Organization","@id":"https:\/\/vitaliaquiro.com\/es\/#organization","name":"Vitalia Chiropr\u00e1ctica Barcelona","url":"https:\/\/vitaliaquiro.com\/es\/","logo":{"@type":"ImageObject","inLanguage":"es","@id":"https:\/\/vitaliaquiro.com\/es\/#\/schema\/logo\/image\/","url":"https:\/\/vitaliaquiro.com\/wp-content\/uploads\/Final-logo-09-e1748589819666.png","contentUrl":"https:\/\/vitaliaquiro.com\/wp-content\/uploads\/Final-logo-09-e1748589819666.png","width":2200,"height":748,"caption":"Vitalia Chiropr\u00e1ctica Barcelona"},"image":{"@id":"https:\/\/vitaliaquiro.com\/es\/#\/schema\/logo\/image\/"},"sameAs":["https:\/\/www.instagram.com\/drmuriel.neurology\/","https:\/\/www.linkedin.com\/company\/vitalia-quiropractica\/"]}]}},"_links":{"self":[{"href":"https:\/\/vitaliaquiro.com\/es\/wp-json\/wp\/v2\/pages\/1557","targetHints":{"allow":["GET"]}}],"collection":[{"href":"https:\/\/vitaliaquiro.com\/es\/wp-json\/wp\/v2\/pages"}],"about":[{"href":"https:\/\/vitaliaquiro.com\/es\/wp-json\/wp\/v2\/types\/page"}],"author":[{"embeddable":true,"href":"https:\/\/vitaliaquiro.com\/es\/wp-json\/wp\/v2\/users\/1"}],"replies":[{"embeddable":true,"href":"https:\/\/vitaliaquiro.com\/es\/wp-json\/wp\/v2\/comments?post=1557"}],"version-history":[{"count":52,"href":"https:\/\/vitaliaquiro.com\/es\/wp-json\/wp\/v2\/pages\/1557\/revisions"}],"predecessor-version":[{"id":2322,"href":"https:\/\/vitaliaquiro.com\/es\/wp-json\/wp\/v2\/pages\/1557\/revisions\/2322"}],"wp:attachment":[{"href":"https:\/\/vitaliaquiro.com\/es\/wp-json\/wp\/v2\/media?parent=1557"}],"curies":[{"name":"wp","href":"https:\/\/api.w.org\/{rel}","templated":true}]}}