{"id":1833,"date":"2025-06-05T20:22:30","date_gmt":"2025-06-05T20:22:30","guid":{"rendered":"https:\/\/vitaliaquiro.com\/talleres-de-vida-saludable\/"},"modified":"2025-06-25T16:05:40","modified_gmt":"2025-06-25T16:05:40","slug":"talleres-de-vida-saludable","status":"publish","type":"page","link":"https:\/\/vitaliaquiro.com\/es\/talleres-de-vida-saludable\/","title":{"rendered":"Talleres de vida saludable"},"content":{"rendered":"\t\t<div data-elementor-type=\"wp-page\" data-elementor-id=\"1833\" class=\"elementor elementor-1833 elementor-1306\" data-elementor-post-type=\"page\">\n\t\t\t\t\t\t<section class=\"elementor-section elementor-top-section elementor-element elementor-element-13f94158 elementor-section-height-min-height elementor-section-boxed elementor-section-height-default elementor-section-items-middle\" data-id=\"13f94158\" data-element_type=\"section\" data-settings=\"{&quot;background_background&quot;:&quot;classic&quot;}\">\n\t\t\t\t\t\t\t<div class=\"elementor-background-overlay\"><\/div>\n\t\t\t\t\t\t\t<div class=\"elementor-container elementor-column-gap-default\">\n\t\t\t\t\t<div class=\"elementor-column elementor-col-100 elementor-top-column elementor-element elementor-element-35ce6178\" data-id=\"35ce6178\" data-element_type=\"column\">\n\t\t\t<div class=\"elementor-widget-wrap elementor-element-populated\">\n\t\t\t\t\t\t<div class=\"elementor-element elementor-element-7c8976dc elementor-widget elementor-widget-heading\" data-id=\"7c8976dc\" data-element_type=\"widget\" data-widget_type=\"heading.default\">\n\t\t\t\t<div class=\"elementor-widget-container\">\n\t\t\t\t\t<h2 class=\"elementor-heading-title elementor-size-default\">Talleres de vida saludable<\/h2>\t\t\t\t<\/div>\n\t\t\t\t<\/div>\n\t\t\t\t<div class=\"elementor-element elementor-element-2298508 elementor-widget elementor-widget-eael-breadcrumbs\" data-id=\"2298508\" data-element_type=\"widget\" data-widget_type=\"eael-breadcrumbs.default\">\n\t\t\t\t<div class=\"elementor-widget-container\">\n\t\t\t\t\t\t\t<div class=\"eael-breadcrumbs\">\n\t\t\t<div class=\"eael-breadcrumbs__content\"><a href=\"https:\/\/vitaliaquiro.com\/es\/\">Home<\/a> <span class=\"eael-breadcrumb-separator\">\/<\/span> <span class = \"eael-current\">P\u00e1gina<\/span><\/div>\t\t<\/div>\n\t\t\t\t\t\t<\/div>\n\t\t\t\t<\/div>\n\t\t\t\t\t<\/div>\n\t\t<\/div>\n\t\t\t\t\t<\/div>\n\t\t<\/section>\n\t\t<div class=\"elementor-element elementor-element-3719f1e4 e-flex e-con-boxed e-con e-parent\" data-id=\"3719f1e4\" data-element_type=\"container\" data-settings=\"{&quot;background_background&quot;:&quot;classic&quot;}\">\n\t\t\t\t\t<div class=\"e-con-inner\">\n\t\t<div class=\"elementor-element elementor-element-5b839406 e-con-full e-flex e-con e-child\" data-id=\"5b839406\" data-element_type=\"container\">\n\t\t\t\t<div class=\"elementor-element elementor-element-35b356e6 elementor-widget elementor-widget-heading\" data-id=\"35b356e6\" data-element_type=\"widget\" data-widget_type=\"heading.default\">\n\t\t\t\t<div class=\"elementor-widget-container\">\n\t\t\t\t\t<h2 class=\"elementor-heading-title elementor-size-default\">Reconstruye tu salud con conocimientos, herramientas y soluciones cotidianas\n<\/h2>\t\t\t\t<\/div>\n\t\t\t\t<\/div>\n\t\t\t\t<div class=\"elementor-element elementor-element-77173ad5 elementor-widget elementor-widget-text-editor\" data-id=\"77173ad5\" data-element_type=\"widget\" data-widget_type=\"text-editor.default\">\n\t\t\t\t<div class=\"elementor-widget-container\">\n\t\t\t\t\t\t\t\t\t<p>En <strong>Vitalia Quiropr\u00e1ctica Barcelona<\/strong>, creemos que la curaci\u00f3n no acaba en la mesa de ajustes. Nuestros <strong>Talleres de Vida Sana<\/strong> te proporcionan herramientas pr\u00e1cticas y conocimientos para reconstruir tu salud, apoyar tu sistema nervioso y mejorar tu postura, todo ello mejorando tu calidad de vida. <\/p>\t\t\t\t\t\t\t\t<\/div>\n\t\t\t\t<\/div>\n\t\t\t\t<\/div>\n\t\t<div class=\"elementor-element elementor-element-2e683912 e-con-full e-flex e-con e-child\" data-id=\"2e683912\" data-element_type=\"container\">\n\t\t\t\t<div class=\"elementor-element elementor-element-7dba9493 elementor-widget elementor-widget-image\" data-id=\"7dba9493\" data-element_type=\"widget\" data-widget_type=\"image.default\">\n\t\t\t\t<div class=\"elementor-widget-container\">\n\t\t\t\t\t\t\t\t\t\t\t\t\t\t\t<img fetchpriority=\"high\" decoding=\"async\" width=\"460\" height=\"313\" src=\"https:\/\/vitaliaquiro.com\/wp-content\/uploads\/vitalia-workshops-1.png\" class=\"attachment-full size-full wp-image-1818\" alt=\"Muriel Poli, DC, giving a\" srcset=\"https:\/\/vitaliaquiro.com\/wp-content\/uploads\/vitalia-workshops-1.png 460w, https:\/\/vitaliaquiro.com\/wp-content\/uploads\/vitalia-workshops-1-300x204.png 300w, https:\/\/vitaliaquiro.com\/wp-content\/uploads\/vitalia-workshops-1-150x102.png 150w\" sizes=\"(max-width: 460px) 100vw, 460px\" \/>\t\t\t\t\t\t\t\t\t\t\t\t\t\t\t<\/div>\n\t\t\t\t<\/div>\n\t\t\t\t<\/div>\n\t\t\t\t\t<\/div>\n\t\t\t\t<\/div>\n\t\t<div class=\"elementor-element elementor-element-555facd0 e-con-full e-flex e-con e-parent\" data-id=\"555facd0\" data-element_type=\"container\" data-settings=\"{&quot;background_background&quot;:&quot;classic&quot;}\">\n\t\t<div class=\"elementor-element elementor-element-77d58ff8 e-con-full e-flex e-con e-child\" data-id=\"77d58ff8\" data-element_type=\"container\">\n\t\t<div class=\"elementor-element elementor-element-4ff5806d e-con-full e-flex e-con e-child\" data-id=\"4ff5806d\" data-element_type=\"container\" data-settings=\"{&quot;background_background&quot;:&quot;classic&quot;}\">\n\t\t\t\t<div class=\"elementor-element elementor-element-9a92989 elementor-widget elementor-widget-icon-box\" data-id=\"9a92989\" data-element_type=\"widget\" data-widget_type=\"icon-box.default\">\n\t\t\t\t<div class=\"elementor-widget-container\">\n\t\t\t\t\t\t\t<div class=\"elementor-icon-box-wrapper\">\n\n\t\t\t\n\t\t\t\t\t\t<div class=\"elementor-icon-box-content\">\n\n\t\t\t\t\t\t\t\t\t<h3 class=\"elementor-icon-box-title\">\n\t\t\t\t\t\t<span  >\n\t\t\t\t\t\t\tLo que aprender\u00e1s\t\t\t\t\t\t<\/span>\n\t\t\t\t\t<\/h3>\n\t\t\t\t\n\t\t\t\t\t\t\t\t\t<p class=\"elementor-icon-box-description\">\n\t\t\t\t\t\t<p>Dirigidas por la Dra. Muriel Poli, DC, estas sesiones din\u00e1micas y de apoyo abarcan:<\/p>\n  <ul>\n    <li>Formas naturales de aumentar <strong>la energ\u00eda y la vitalidad<\/strong> diarias<\/li>\n    <li>Correcci\u00f3n postural para <strong>estilos de vida con mucha tecnolog\u00eda<\/strong><\/li>\n    <li>T\u00e9cnicas de <strong>atenci\u00f3n plena y meditaci\u00f3n<\/strong> para la claridad mental<\/li>\n    <li>Nutrici\u00f3n familiar y apoyo a <strong>la salud intestinal<\/strong> <\/li>\n    <li><strong>Neuroergonom\u00eda<\/strong> para prosperar en entornos urbanos<\/li>\n    <li>Y mucho m\u00e1s...<\/li>\n  <\/ul>\n<br>  <p>\n  Tanto si te enfrentas a la fatiga, los problemas posturales, el estr\u00e9s tecnol\u00f3gico o quieres mejorar el bienestar familiar,\n estos talleres te ofrecen <strong>estrategias f\u00e1ciles de aplicar<\/strong> para una salud a largo plazo.\n  <\/p>\t\t\t\t\t<\/p>\n\t\t\t\t\n\t\t\t<\/div>\n\t\t\t\n\t\t<\/div>\n\t\t\t\t\t\t<\/div>\n\t\t\t\t<\/div>\n\t\t\t\t<\/div>\n\t\t<div class=\"elementor-element elementor-element-5970c1dd e-con-full e-flex e-con e-child\" data-id=\"5970c1dd\" data-element_type=\"container\" data-settings=\"{&quot;background_background&quot;:&quot;classic&quot;}\">\n\t\t\t\t<\/div>\n\t\t\t\t<\/div>\n\t\t<div class=\"elementor-element elementor-element-3c54b47 e-con-full e-flex e-con e-child\" data-id=\"3c54b47\" data-element_type=\"container\" data-settings=\"{&quot;background_background&quot;:&quot;classic&quot;}\">\n\t\t<div class=\"elementor-element elementor-element-e36debe e-con-full e-flex e-con e-child\" data-id=\"e36debe\" data-element_type=\"container\" data-settings=\"{&quot;background_background&quot;:&quot;classic&quot;}\">\n\t\t\t\t<\/div>\n\t\t<div class=\"elementor-element elementor-element-e4a8f2f e-con-full e-flex e-con e-child\" data-id=\"e4a8f2f\" data-element_type=\"container\">\n\t\t\t\t<div class=\"elementor-element elementor-element-f0d8cc5 elementor-widget elementor-widget-icon-box\" data-id=\"f0d8cc5\" data-element_type=\"widget\" data-widget_type=\"icon-box.default\">\n\t\t\t\t<div class=\"elementor-widget-container\">\n\t\t\t\t\t\t\t<div class=\"elementor-icon-box-wrapper\">\n\n\t\t\t\n\t\t\t\t\t\t<div class=\"elementor-icon-box-content\">\n\n\t\t\t\t\t\t\t\t\t<h3 class=\"elementor-icon-box-title\">\n\t\t\t\t\t\t<span  >\n\t\t\t\t\t\t\tLo que ofrecemos\t\t\t\t\t\t<\/span>\n\t\t\t\t\t<\/h3>\n\t\t\t\t\n\t\t\t\t\t\t\t\t\t<p class=\"elementor-icon-box-description\">\n\t\t\t\t\t\t <ul>\n    <li><strong>Vitality e-Files<\/strong> - PDFs personalizados con consejos sobre alimentaci\u00f3n, pr\u00e1cticas de atenci\u00f3n plena y correcciones posturales<\/li>\n    <li><strong>V\u00eddeos y seminarios web<\/strong> - Accesibles en l\u00ednea para un aprendizaje continuado<\/li>\n    <li><strong>Talleres para Familias, Empresas y Escuelas<\/strong> - Invita a tus seres queridos o a tu equipo a unirse y crecer juntos<\/li>\n  <\/ul>\n<br><a href=\"https:\/\/www.youtube.com\/channel\/UClPRvbH6UXlJN2H5FtP9qgw\" target=\"_blank\" rel=\"noopener\">\n  Ver talleres y presentaciones anteriores en nuestro canal de YouTube &gt;\n    <\/a>\n<br><br>  <h3>Los temas anteriores han incluido:<\/h3>\n  <ul>\n    <li>H\u00e1bitos diarios para aumentar la energ\u00eda y salud de la columna vertebral<\/li>\n    <li>Gladdening Your Heart<\/li>\n    <li>Soluciones para el \"cuello de texto\" adolescente<\/li>\n    <li>Potenciar la Neuroplasticidad y la Atenci\u00f3n Plena<\/li>\n    <li>Nutrici\u00f3n Familiar y Vitalidad Cerebro-Cuerpo<\/li>\n    <li>Consejos posturales para el trabajo y la escuela<\/li>\n  <\/ul>\n\nV\u00eddeos y seminarios web  \t\t\t\t\t<\/p>\n\t\t\t\t\n\t\t\t<\/div>\n\t\t\t\n\t\t<\/div>\n\t\t\t\t\t\t<\/div>\n\t\t\t\t<\/div>\n\t\t\t\t<\/div>\n\t\t\t\t<\/div>\n\t\t\t\t<\/div>\n\t\t<div class=\"elementor-element elementor-element-774bf4bb e-con-full e-flex e-con e-parent\" data-id=\"774bf4bb\" data-element_type=\"container\" data-settings=\"{&quot;background_background&quot;:&quot;classic&quot;}\">\n\t\t<div class=\"elementor-element elementor-element-4d829072 e-con-full e-flex e-con e-child\" data-id=\"4d829072\" data-element_type=\"container\">\n\t\t\t\t<div class=\"elementor-element elementor-element-72458ee elementor-widget elementor-widget-heading\" data-id=\"72458ee\" data-element_type=\"widget\" data-widget_type=\"heading.default\">\n\t\t\t\t<div class=\"elementor-widget-container\">\n\t\t\t\t\t<h2 class=\"elementor-heading-title elementor-size-default\">Ponte en contacto con Muriel<\/strong><\/a> para organizar un taller personalizado para tu empresa, escuela o asociaci\u00f3n.<\/h2>\t\t\t\t<\/div>\n\t\t\t\t<\/div>\n\t\t\t\t<div class=\"elementor-element elementor-element-3e5390d1 elementor-widget elementor-widget-heading\" data-id=\"3e5390d1\" data-element_type=\"widget\" data-widget_type=\"heading.default\">\n\t\t\t\t<div class=\"elementor-widget-container\">\n\t\t\t\t\t<h3 class=\"elementor-heading-title elementor-size-default\">Reconstruyamos tu salud desde dentro, de forma natural, suave y juntos.\n <\/h3>\t\t\t\t<\/div>\n\t\t\t\t<\/div>\n\t\t\t\t<div class=\"elementor-element elementor-element-1a66bf4d elementor-tablet-align-left elementor-mobile-align-center elementor-widget elementor-widget-button\" data-id=\"1a66bf4d\" data-element_type=\"widget\" data-widget_type=\"button.default\">\n\t\t\t\t<div class=\"elementor-widget-container\">\n\t\t\t\t\t\t\t\t\t<div class=\"elementor-button-wrapper\">\n\t\t\t\t\t<a class=\"elementor-button elementor-button-link elementor-size-md\" href=\"https:\/\/vitaliaquiro.com\/contact\/\">\n\t\t\t\t\t\t<span class=\"elementor-button-content-wrapper\">\n\t\t\t\t\t\t\t\t\t<span class=\"elementor-button-text\">Contacta con nosotros &gt;<\/span>\n\t\t\t\t\t<\/span>\n\t\t\t\t\t<\/a>\n\t\t\t\t<\/div>\n\t\t\t\t\t\t\t\t<\/div>\n\t\t\t\t<\/div>\n\t\t\t\t<\/div>\n\t\t<div class=\"elementor-element elementor-element-35f57fb e-con-full e-flex e-con e-child\" data-id=\"35f57fb\" data-element_type=\"container\" data-settings=\"{&quot;background_background&quot;:&quot;classic&quot;}\">\n\t\t\t\t<\/div>\n\t\t\t\t<\/div>\n\t\t\t\t<\/div>\n\t\t","protected":false},"excerpt":{"rendered":"<p>Home \/ Reconstruye tu salud con conocimientos, herramientas y soluciones cotidianas En Vitalia Quiropr\u00e1ctica Barcelona, creemos que la curaci\u00f3n no acaba en la mesa de ajustes. Nuestros Talleres de Vida Sana te proporcionan herramientas pr\u00e1cticas y conocimientos para reconstruir tu salud, apoyar tu sistema nervioso y mejorar tu postura, todo ello mejorando tu calidad de [&hellip;]<\/p>\n","protected":false},"author":1,"featured_media":0,"parent":0,"menu_order":0,"comment_status":"closed","ping_status":"closed","template":"","meta":{"footnotes":""},"class_list":["post-1833","page","type-page","status-publish","hentry"],"yoast_head":"<!-- This site is optimized with the Yoast SEO plugin v25.6 - https:\/\/yoast.com\/wordpress\/plugins\/seo\/ -->\n<title>Talleres de vida saludable - Vitalia Chiropractic Barcelona<\/title>\n<meta name=\"robots\" content=\"index, follow, max-snippet:-1, max-image-preview:large, max-video-preview:-1\" \/>\n<link rel=\"canonical\" href=\"https:\/\/vitaliaquiro.com\/es\/talleres-de-vida-saludable\/\" \/>\n<meta property=\"og:locale\" content=\"es_ES\" \/>\n<meta property=\"og:type\" content=\"article\" \/>\n<meta property=\"og:title\" content=\"Talleres de vida saludable - Vitalia Chiropractic Barcelona\" \/>\n<meta property=\"og:description\" content=\"Home \/ Reconstruye tu salud con conocimientos, herramientas y soluciones cotidianas En Vitalia Quiropr\u00e1ctica Barcelona, creemos que la curaci\u00f3n no acaba en la mesa de ajustes. Nuestros Talleres de Vida Sana te proporcionan herramientas pr\u00e1cticas y conocimientos para reconstruir tu salud, apoyar tu sistema nervioso y mejorar tu postura, todo ello mejorando tu calidad de [&hellip;]\" \/>\n<meta property=\"og:url\" content=\"https:\/\/vitaliaquiro.com\/es\/talleres-de-vida-saludable\/\" \/>\n<meta property=\"og:site_name\" content=\"Vitalia Chiropractic Barcelona\" \/>\n<meta property=\"article:modified_time\" content=\"2025-06-25T16:05:40+00:00\" \/>\n<meta property=\"og:image\" content=\"https:\/\/vitaliaquiro.com\/wp-content\/uploads\/vitalia-workshops-1.png\" \/>\n<meta name=\"twitter:card\" content=\"summary_large_image\" \/>\n<meta name=\"twitter:label1\" content=\"Tiempo de lectura\" \/>\n\t<meta name=\"twitter:data1\" content=\"2 minutos\" \/>\n<script type=\"application\/ld+json\" class=\"yoast-schema-graph\">{\"@context\":\"https:\/\/schema.org\",\"@graph\":[{\"@type\":\"WebPage\",\"@id\":\"https:\/\/vitaliaquiro.com\/es\/talleres-de-vida-saludable\/\",\"url\":\"https:\/\/vitaliaquiro.com\/es\/talleres-de-vida-saludable\/\",\"name\":\"Talleres de vida saludable - Vitalia Chiropractic Barcelona\",\"isPartOf\":{\"@id\":\"https:\/\/vitaliaquiro.com\/es\/#website\"},\"primaryImageOfPage\":{\"@id\":\"https:\/\/vitaliaquiro.com\/es\/talleres-de-vida-saludable\/#primaryimage\"},\"image\":{\"@id\":\"https:\/\/vitaliaquiro.com\/es\/talleres-de-vida-saludable\/#primaryimage\"},\"thumbnailUrl\":\"https:\/\/vitaliaquiro.com\/wp-content\/uploads\/vitalia-workshops-1.png\",\"datePublished\":\"2025-06-05T20:22:30+00:00\",\"dateModified\":\"2025-06-25T16:05:40+00:00\",\"breadcrumb\":{\"@id\":\"https:\/\/vitaliaquiro.com\/es\/talleres-de-vida-saludable\/#breadcrumb\"},\"inLanguage\":\"es\",\"potentialAction\":[{\"@type\":\"ReadAction\",\"target\":[\"https:\/\/vitaliaquiro.com\/es\/talleres-de-vida-saludable\/\"]}]},{\"@type\":\"ImageObject\",\"inLanguage\":\"es\",\"@id\":\"https:\/\/vitaliaquiro.com\/es\/talleres-de-vida-saludable\/#primaryimage\",\"url\":\"https:\/\/vitaliaquiro.com\/wp-content\/uploads\/vitalia-workshops-1.png\",\"contentUrl\":\"https:\/\/vitaliaquiro.com\/wp-content\/uploads\/vitalia-workshops-1.png\"},{\"@type\":\"BreadcrumbList\",\"@id\":\"https:\/\/vitaliaquiro.com\/es\/talleres-de-vida-saludable\/#breadcrumb\",\"itemListElement\":[{\"@type\":\"ListItem\",\"position\":1,\"name\":\"Home\",\"item\":\"https:\/\/vitaliaquiro.com\/es\/\"},{\"@type\":\"ListItem\",\"position\":2,\"name\":\"Talleres de vida saludable\"}]},{\"@type\":\"WebSite\",\"@id\":\"https:\/\/vitaliaquiro.com\/es\/#website\",\"url\":\"https:\/\/vitaliaquiro.com\/es\/\",\"name\":\"Vitalia Chiropr\u00e1ctica Barcelona\",\"description\":\"Integrated approach to rebuilding Vibrant Health &amp; Optimal Posture, so you can Look, Move &amp; Feel great!\",\"publisher\":{\"@id\":\"https:\/\/vitaliaquiro.com\/es\/#organization\"},\"potentialAction\":[{\"@type\":\"SearchAction\",\"target\":{\"@type\":\"EntryPoint\",\"urlTemplate\":\"https:\/\/vitaliaquiro.com\/es\/?s={search_term_string}\"},\"query-input\":{\"@type\":\"PropertyValueSpecification\",\"valueRequired\":true,\"valueName\":\"search_term_string\"}}],\"inLanguage\":\"es\"},{\"@type\":\"Organization\",\"@id\":\"https:\/\/vitaliaquiro.com\/es\/#organization\",\"name\":\"Vitalia Chiropr\u00e1ctica Barcelona\",\"url\":\"https:\/\/vitaliaquiro.com\/es\/\",\"logo\":{\"@type\":\"ImageObject\",\"inLanguage\":\"es\",\"@id\":\"https:\/\/vitaliaquiro.com\/es\/#\/schema\/logo\/image\/\",\"url\":\"https:\/\/vitaliaquiro.com\/wp-content\/uploads\/Final-logo-09-e1748589819666.png\",\"contentUrl\":\"https:\/\/vitaliaquiro.com\/wp-content\/uploads\/Final-logo-09-e1748589819666.png\",\"width\":2200,\"height\":748,\"caption\":\"Vitalia Chiropr\u00e1ctica Barcelona\"},\"image\":{\"@id\":\"https:\/\/vitaliaquiro.com\/es\/#\/schema\/logo\/image\/\"},\"sameAs\":[\"https:\/\/www.instagram.com\/drmuriel.neurology\/\",\"https:\/\/www.linkedin.com\/company\/vitalia-quiropractica\/\"]}]}<\/script>\n<!-- \/ Yoast SEO plugin. -->","yoast_head_json":{"title":"Talleres de vida saludable - Vitalia Chiropractic Barcelona","robots":{"index":"index","follow":"follow","max-snippet":"max-snippet:-1","max-image-preview":"max-image-preview:large","max-video-preview":"max-video-preview:-1"},"canonical":"https:\/\/vitaliaquiro.com\/es\/talleres-de-vida-saludable\/","og_locale":"es_ES","og_type":"article","og_title":"Talleres de vida saludable - Vitalia Chiropractic Barcelona","og_description":"Home \/ Reconstruye tu salud con conocimientos, herramientas y soluciones cotidianas En Vitalia Quiropr\u00e1ctica Barcelona, creemos que la curaci\u00f3n no acaba en la mesa de ajustes. Nuestros Talleres de Vida Sana te proporcionan herramientas pr\u00e1cticas y conocimientos para reconstruir tu salud, apoyar tu sistema nervioso y mejorar tu postura, todo ello mejorando tu calidad de [&hellip;]","og_url":"https:\/\/vitaliaquiro.com\/es\/talleres-de-vida-saludable\/","og_site_name":"Vitalia Chiropractic Barcelona","article_modified_time":"2025-06-25T16:05:40+00:00","og_image":[{"url":"https:\/\/vitaliaquiro.com\/wp-content\/uploads\/vitalia-workshops-1.png","type":"","width":"","height":""}],"twitter_card":"summary_large_image","twitter_misc":{"Tiempo de lectura":"2 minutos"},"schema":{"@context":"https:\/\/schema.org","@graph":[{"@type":"WebPage","@id":"https:\/\/vitaliaquiro.com\/es\/talleres-de-vida-saludable\/","url":"https:\/\/vitaliaquiro.com\/es\/talleres-de-vida-saludable\/","name":"Talleres de vida saludable - Vitalia Chiropractic Barcelona","isPartOf":{"@id":"https:\/\/vitaliaquiro.com\/es\/#website"},"primaryImageOfPage":{"@id":"https:\/\/vitaliaquiro.com\/es\/talleres-de-vida-saludable\/#primaryimage"},"image":{"@id":"https:\/\/vitaliaquiro.com\/es\/talleres-de-vida-saludable\/#primaryimage"},"thumbnailUrl":"https:\/\/vitaliaquiro.com\/wp-content\/uploads\/vitalia-workshops-1.png","datePublished":"2025-06-05T20:22:30+00:00","dateModified":"2025-06-25T16:05:40+00:00","breadcrumb":{"@id":"https:\/\/vitaliaquiro.com\/es\/talleres-de-vida-saludable\/#breadcrumb"},"inLanguage":"es","potentialAction":[{"@type":"ReadAction","target":["https:\/\/vitaliaquiro.com\/es\/talleres-de-vida-saludable\/"]}]},{"@type":"ImageObject","inLanguage":"es","@id":"https:\/\/vitaliaquiro.com\/es\/talleres-de-vida-saludable\/#primaryimage","url":"https:\/\/vitaliaquiro.com\/wp-content\/uploads\/vitalia-workshops-1.png","contentUrl":"https:\/\/vitaliaquiro.com\/wp-content\/uploads\/vitalia-workshops-1.png"},{"@type":"BreadcrumbList","@id":"https:\/\/vitaliaquiro.com\/es\/talleres-de-vida-saludable\/#breadcrumb","itemListElement":[{"@type":"ListItem","position":1,"name":"Home","item":"https:\/\/vitaliaquiro.com\/es\/"},{"@type":"ListItem","position":2,"name":"Talleres de vida saludable"}]},{"@type":"WebSite","@id":"https:\/\/vitaliaquiro.com\/es\/#website","url":"https:\/\/vitaliaquiro.com\/es\/","name":"Vitalia Chiropr\u00e1ctica Barcelona","description":"Integrated approach to rebuilding Vibrant Health &amp; Optimal Posture, so you can Look, Move &amp; Feel great!","publisher":{"@id":"https:\/\/vitaliaquiro.com\/es\/#organization"},"potentialAction":[{"@type":"SearchAction","target":{"@type":"EntryPoint","urlTemplate":"https:\/\/vitaliaquiro.com\/es\/?s={search_term_string}"},"query-input":{"@type":"PropertyValueSpecification","valueRequired":true,"valueName":"search_term_string"}}],"inLanguage":"es"},{"@type":"Organization","@id":"https:\/\/vitaliaquiro.com\/es\/#organization","name":"Vitalia Chiropr\u00e1ctica Barcelona","url":"https:\/\/vitaliaquiro.com\/es\/","logo":{"@type":"ImageObject","inLanguage":"es","@id":"https:\/\/vitaliaquiro.com\/es\/#\/schema\/logo\/image\/","url":"https:\/\/vitaliaquiro.com\/wp-content\/uploads\/Final-logo-09-e1748589819666.png","contentUrl":"https:\/\/vitaliaquiro.com\/wp-content\/uploads\/Final-logo-09-e1748589819666.png","width":2200,"height":748,"caption":"Vitalia Chiropr\u00e1ctica Barcelona"},"image":{"@id":"https:\/\/vitaliaquiro.com\/es\/#\/schema\/logo\/image\/"},"sameAs":["https:\/\/www.instagram.com\/drmuriel.neurology\/","https:\/\/www.linkedin.com\/company\/vitalia-quiropractica\/"]}]}},"_links":{"self":[{"href":"https:\/\/vitaliaquiro.com\/es\/wp-json\/wp\/v2\/pages\/1833","targetHints":{"allow":["GET"]}}],"collection":[{"href":"https:\/\/vitaliaquiro.com\/es\/wp-json\/wp\/v2\/pages"}],"about":[{"href":"https:\/\/vitaliaquiro.com\/es\/wp-json\/wp\/v2\/types\/page"}],"author":[{"embeddable":true,"href":"https:\/\/vitaliaquiro.com\/es\/wp-json\/wp\/v2\/users\/1"}],"replies":[{"embeddable":true,"href":"https:\/\/vitaliaquiro.com\/es\/wp-json\/wp\/v2\/comments?post=1833"}],"version-history":[{"count":1,"href":"https:\/\/vitaliaquiro.com\/es\/wp-json\/wp\/v2\/pages\/1833\/revisions"}],"predecessor-version":[{"id":1834,"href":"https:\/\/vitaliaquiro.com\/es\/wp-json\/wp\/v2\/pages\/1833\/revisions\/1834"}],"wp:attachment":[{"href":"https:\/\/vitaliaquiro.com\/es\/wp-json\/wp\/v2\/media?parent=1833"}],"curies":[{"name":"wp","href":"https:\/\/api.w.org\/{rel}","templated":true}]}}