{"id":1869,"date":"2025-06-25T17:37:18","date_gmt":"2025-06-25T17:37:18","guid":{"rendered":"https:\/\/vitaliaquiro.com\/?page_id=1869"},"modified":"2025-06-25T17:37:45","modified_gmt":"2025-06-25T17:37:45","slug":"aviso-legal","status":"publish","type":"page","link":"https:\/\/vitaliaquiro.com\/es\/aviso-legal\/","title":{"rendered":"Aviso Legal"},"content":{"rendered":"\n<p><\/p>\n\n\n\n<p>De conformidad con lo establecido en la Ley 34\/2002, de 11 de julio, de servicios de la sociedad de la informaci\u00f3n y de comercio electr\u00f3nico, se facilita la siguiente informaci\u00f3n:<\/p>\n\n\n\n<h2 class=\"wp-block-heading\"><strong>1. DATOS IDENTIFICATIVOS<\/strong><\/h2>\n\n\n\n<p>Usted est\u00e1 visitando la p\u00e1gina web <a href=\"http:\/\/www.vitaliaquiropractica.com\/\">www.vitaliaquiropractica.com<\/a>, titularidad de Muriel Poli, con domicilio profesional en Carrer Muntaner 318, N.I.F. Y0695864J, en adelante, el TITULAR.<\/p>\n\n\n\n<p>Puede contactar con el Titular por cualquiera de los siguientes medios:<\/p>\n\n\n\n<ul class=\"wp-block-list\">\n<li>Tel\u00e9fono: <a href=\"tel:+34935664417\">+34 93 566 44 17<\/a><\/li>\n\n\n\n<li>Correo electr\u00f3nico de contacto: <a href=\"mailto:info@vitaliaquiro.com\">info@vitaliaquiro.com<\/a><\/li>\n<\/ul>\n\n\n\n<h2 class=\"wp-block-heading\"><strong>2. USUARIOS<\/strong><\/h2>\n\n\n\n<p>Mediante el presente documento se ponen en conocimiento los t\u00e9rminos y condiciones que regulan el uso del sitio web y de los servicios y contenidos asociados. Dicho uso implica la adquisici\u00f3n de la condici\u00f3n de \u00abusuario\u00bb y, con dicha condici\u00f3n, una serie de derechos y obligaciones.<\/p>\n\n\n\n<p>A tal efecto, se informa que es responsabilidad del usuario acceder a las condiciones legales insertas en esta web, as\u00ed como a la pol\u00edtica de privacidad, pol\u00edtica de cookies o, en su caso, condiciones de venta, y leerlas detenidamente. Se recomienda:<\/p>\n\n\n\n<ul class=\"wp-block-list\">\n<li>Que las visite cada vez que pretenda acceder o utilizar los servicios y contenidos del sitio.<\/li>\n\n\n\n<li>Que imprima o almacene una copia en su sistema.<\/li>\n<\/ul>\n\n\n\n<h2 class=\"wp-block-heading\"><strong>3. USO DEL PORTAL<\/strong><\/h2>\n\n\n\n<p>El Usuario asume la responsabilidad del uso del portal. Dicha responsabilidad se extiende al registro que fuese necesario para acceder a determinados servicios o contenidos. El Usuario ser\u00e1 responsable de aportar informaci\u00f3n veraz y l\u00edcita y de mantener la confidencialidad de sus credenciales de acceso.<\/p>\n\n\n\n<p>El Usuario se compromete a hacer un uso adecuado de los contenidos y servicios y a no utilizarlos para actividades il\u00edcitas, difundir contenidos ofensivos, da\u00f1ar los sistemas del Titular o de terceros, acceder sin autorizaci\u00f3n a otros usuarios, ni utilizar el sitio web con fines comerciales sin consentimiento.<\/p>\n\n\n\n<p>El Titular se reserva el derecho a retirar los comentarios que vulneren la dignidad humana o sean ofensivos, sin asumir responsabilidad por las opiniones de los usuarios.<\/p>\n\n\n\n<h2 class=\"wp-block-heading\"><strong>4. PROTECCI\u00d3N DE DATOS<\/strong><\/h2>\n\n\n\n<p>Todo lo relativo al tratamiento de sus datos personales se encuentra recogido en la Pol\u00edtica de Privacidad.<\/p>\n\n\n\n<h2 class=\"wp-block-heading\"><strong>5. CONTENIDOS. PROPIEDAD INTELECTUAL E INDUSTRIAL<\/strong><\/h2>\n\n\n\n<p>El Titular es propietario de los derechos de propiedad intelectual e industrial de la web y sus contenidos. Queda prohibida su reproducci\u00f3n o distribuci\u00f3n sin autorizaci\u00f3n expresa.<\/p>\n\n\n\n<h2 class=\"wp-block-heading\"><strong>6. EXCLUSI\u00d3N DE GARANT\u00cdAS Y RESPONSABILIDAD<\/strong><\/h2>\n\n\n\n<p>El Usuario reconoce que el uso de la web se realiza bajo su exclusiva responsabilidad. El Titular no garantiza la disponibilidad continua del servicio y no se responsabiliza de da\u00f1os inform\u00e1ticos, accesos no autorizados o virus. Tampoco se responsabiliza de los contenidos enviados por los usuarios.<\/p>\n\n\n\n<h2 class=\"wp-block-heading\"><strong>7. MODIFICACI\u00d3N DEL PRESENTE AVISO LEGAL Y DURACI\u00d3N<\/strong><\/h2>\n\n\n\n<p>El Titular podr\u00e1 modificar este aviso legal en cualquier momento. Su vigencia se mantendr\u00e1 hasta que sea sustituido por otro debidamente publicado.<\/p>\n\n\n\n<h2 class=\"wp-block-heading\"><strong>8. ENLACES<\/strong><\/h2>\n\n\n\n<p>Este sitio puede contener enlaces a sitios externos sobre los que el Titular no ejerce control. El Titular no asume responsabilidad sobre su contenido u operatividad, salvo que tenga conocimiento efectivo de actividad il\u00edcita y no act\u00fae en consecuencia.<\/p>\n\n\n\n<h2 class=\"wp-block-heading\"><strong>9. DERECHO DE EXCLUSI\u00d3N<\/strong><\/h2>\n\n\n\n<p>El Titular se reserva el derecho a denegar o retirar el acceso al sitio web a usuarios que incumplan las condiciones establecidas.<\/p>\n\n\n\n<h2 class=\"wp-block-heading\"><strong>10. GENERALIDADES<\/strong><\/h2>\n\n\n\n<p>El Titular podr\u00e1 emprender acciones legales ante el incumplimiento de estas condiciones.<\/p>\n\n\n\n<h2 class=\"wp-block-heading\"><strong>11. LEGISLACI\u00d3N APLICABLE Y JURISDICCI\u00d3N<\/strong><\/h2>\n\n\n\n<p>La relaci\u00f3n entre el Titular y el Usuario se regir\u00e1 por la normativa espa\u00f1ola vigente. Las controversias se resolver\u00e1n en los juzgados del consumidor correspondientes.<\/p>\n\n\n\n<h2 class=\"wp-block-heading\"><strong>12. MENORES DE EDAD<\/strong><\/h2>\n\n\n\n<p>Este sitio web est\u00e1 dirigido a usuarios mayores de 18 a\u00f1os. Los menores no est\u00e1n autorizados a usar nuestros servicios ni a enviar datos personales. El Titular no se responsabiliza del incumplimiento de esta cl\u00e1usula.<\/p>\n\n\n\n<h2 class=\"wp-block-heading\"><strong>13. MEDIDAS DE SEGURIDAD \u2013 SSL<\/strong><\/h2>\n\n\n\n<p>Este sitio utiliza un certificado SSL para proteger los datos personales y confidenciales. El protocolo https garantiza una conexi\u00f3n segura entre el servidor y el usuario.<\/p>\n\n\n\n<p>\u00daltima revisi\u00f3n: 25 de junio de 2025<\/p>\n","protected":false},"excerpt":{"rendered":"<p>De conformidad con lo establecido en la Ley 34\/2002, de 11 de julio, de servicios de la sociedad de la informaci\u00f3n y de comercio electr\u00f3nico, se facilita la siguiente informaci\u00f3n: 1. DATOS IDENTIFICATIVOS Usted est\u00e1 visitando la p\u00e1gina web www.vitaliaquiropractica.com, titularidad de Muriel Poli, con domicilio profesional en Carrer Muntaner 318, N.I.F. Y0695864J, en adelante, [&hellip;]<\/p>\n","protected":false},"author":1,"featured_media":0,"parent":0,"menu_order":0,"comment_status":"closed","ping_status":"closed","template":"","meta":{"footnotes":""},"class_list":["post-1869","page","type-page","status-publish","hentry"],"yoast_head":"<!-- This site is optimized with the Yoast SEO plugin v25.6 - https:\/\/yoast.com\/wordpress\/plugins\/seo\/ -->\n<title>Aviso Legal - Vitalia Chiropractic Barcelona<\/title>\n<meta name=\"robots\" content=\"index, follow, max-snippet:-1, max-image-preview:large, max-video-preview:-1\" \/>\n<link rel=\"canonical\" href=\"https:\/\/vitaliaquiro.com\/es\/aviso-legal\/\" \/>\n<meta property=\"og:locale\" content=\"es_ES\" \/>\n<meta property=\"og:type\" content=\"article\" \/>\n<meta property=\"og:title\" content=\"Aviso Legal - Vitalia Chiropractic Barcelona\" \/>\n<meta property=\"og:description\" content=\"De conformidad con lo establecido en la Ley 34\/2002, de 11 de julio, de servicios de la sociedad de la informaci\u00f3n y de comercio electr\u00f3nico, se facilita la siguiente informaci\u00f3n: 1. DATOS IDENTIFICATIVOS Usted est\u00e1 visitando la p\u00e1gina web www.vitaliaquiropractica.com, titularidad de Muriel Poli, con domicilio profesional en Carrer Muntaner 318, N.I.F. Y0695864J, en adelante, [&hellip;]\" \/>\n<meta property=\"og:url\" content=\"https:\/\/vitaliaquiro.com\/es\/aviso-legal\/\" \/>\n<meta property=\"og:site_name\" content=\"Vitalia Chiropractic Barcelona\" \/>\n<meta property=\"article:modified_time\" content=\"2025-06-25T17:37:45+00:00\" \/>\n<meta name=\"twitter:card\" content=\"summary_large_image\" \/>\n<meta name=\"twitter:label1\" content=\"Tiempo de lectura\" \/>\n\t<meta name=\"twitter:data1\" content=\"3 minutos\" \/>\n<script type=\"application\/ld+json\" class=\"yoast-schema-graph\">{\"@context\":\"https:\/\/schema.org\",\"@graph\":[{\"@type\":\"WebPage\",\"@id\":\"https:\/\/vitaliaquiro.com\/es\/aviso-legal\/\",\"url\":\"https:\/\/vitaliaquiro.com\/es\/aviso-legal\/\",\"name\":\"Aviso Legal - Vitalia Chiropractic Barcelona\",\"isPartOf\":{\"@id\":\"https:\/\/vitaliaquiro.com\/es\/#website\"},\"datePublished\":\"2025-06-25T17:37:18+00:00\",\"dateModified\":\"2025-06-25T17:37:45+00:00\",\"breadcrumb\":{\"@id\":\"https:\/\/vitaliaquiro.com\/es\/aviso-legal\/#breadcrumb\"},\"inLanguage\":\"es\",\"potentialAction\":[{\"@type\":\"ReadAction\",\"target\":[\"https:\/\/vitaliaquiro.com\/es\/aviso-legal\/\"]}]},{\"@type\":\"BreadcrumbList\",\"@id\":\"https:\/\/vitaliaquiro.com\/es\/aviso-legal\/#breadcrumb\",\"itemListElement\":[{\"@type\":\"ListItem\",\"position\":1,\"name\":\"Home\",\"item\":\"https:\/\/vitaliaquiro.com\/es\/\"},{\"@type\":\"ListItem\",\"position\":2,\"name\":\"Aviso Legal\"}]},{\"@type\":\"WebSite\",\"@id\":\"https:\/\/vitaliaquiro.com\/es\/#website\",\"url\":\"https:\/\/vitaliaquiro.com\/es\/\",\"name\":\"Vitalia Chiropr\u00e1ctica Barcelona\",\"description\":\"Integrated approach to rebuilding Vibrant Health &amp; Optimal Posture, so you can Look, Move &amp; Feel great!\",\"publisher\":{\"@id\":\"https:\/\/vitaliaquiro.com\/es\/#organization\"},\"potentialAction\":[{\"@type\":\"SearchAction\",\"target\":{\"@type\":\"EntryPoint\",\"urlTemplate\":\"https:\/\/vitaliaquiro.com\/es\/?s={search_term_string}\"},\"query-input\":{\"@type\":\"PropertyValueSpecification\",\"valueRequired\":true,\"valueName\":\"search_term_string\"}}],\"inLanguage\":\"es\"},{\"@type\":\"Organization\",\"@id\":\"https:\/\/vitaliaquiro.com\/es\/#organization\",\"name\":\"Vitalia Chiropr\u00e1ctica Barcelona\",\"url\":\"https:\/\/vitaliaquiro.com\/es\/\",\"logo\":{\"@type\":\"ImageObject\",\"inLanguage\":\"es\",\"@id\":\"https:\/\/vitaliaquiro.com\/es\/#\/schema\/logo\/image\/\",\"url\":\"https:\/\/vitaliaquiro.com\/wp-content\/uploads\/Final-logo-09-e1748589819666.png\",\"contentUrl\":\"https:\/\/vitaliaquiro.com\/wp-content\/uploads\/Final-logo-09-e1748589819666.png\",\"width\":2200,\"height\":748,\"caption\":\"Vitalia Chiropr\u00e1ctica Barcelona\"},\"image\":{\"@id\":\"https:\/\/vitaliaquiro.com\/es\/#\/schema\/logo\/image\/\"},\"sameAs\":[\"https:\/\/www.instagram.com\/drmuriel.neurology\/\",\"https:\/\/www.linkedin.com\/company\/vitalia-quiropractica\/\"]}]}<\/script>\n<!-- \/ Yoast SEO plugin. -->","yoast_head_json":{"title":"Aviso Legal - Vitalia Chiropractic Barcelona","robots":{"index":"index","follow":"follow","max-snippet":"max-snippet:-1","max-image-preview":"max-image-preview:large","max-video-preview":"max-video-preview:-1"},"canonical":"https:\/\/vitaliaquiro.com\/es\/aviso-legal\/","og_locale":"es_ES","og_type":"article","og_title":"Aviso Legal - Vitalia Chiropractic Barcelona","og_description":"De conformidad con lo establecido en la Ley 34\/2002, de 11 de julio, de servicios de la sociedad de la informaci\u00f3n y de comercio electr\u00f3nico, se facilita la siguiente informaci\u00f3n: 1. DATOS IDENTIFICATIVOS Usted est\u00e1 visitando la p\u00e1gina web www.vitaliaquiropractica.com, titularidad de Muriel Poli, con domicilio profesional en Carrer Muntaner 318, N.I.F. Y0695864J, en adelante, [&hellip;]","og_url":"https:\/\/vitaliaquiro.com\/es\/aviso-legal\/","og_site_name":"Vitalia Chiropractic Barcelona","article_modified_time":"2025-06-25T17:37:45+00:00","twitter_card":"summary_large_image","twitter_misc":{"Tiempo de lectura":"3 minutos"},"schema":{"@context":"https:\/\/schema.org","@graph":[{"@type":"WebPage","@id":"https:\/\/vitaliaquiro.com\/es\/aviso-legal\/","url":"https:\/\/vitaliaquiro.com\/es\/aviso-legal\/","name":"Aviso Legal - Vitalia Chiropractic Barcelona","isPartOf":{"@id":"https:\/\/vitaliaquiro.com\/es\/#website"},"datePublished":"2025-06-25T17:37:18+00:00","dateModified":"2025-06-25T17:37:45+00:00","breadcrumb":{"@id":"https:\/\/vitaliaquiro.com\/es\/aviso-legal\/#breadcrumb"},"inLanguage":"es","potentialAction":[{"@type":"ReadAction","target":["https:\/\/vitaliaquiro.com\/es\/aviso-legal\/"]}]},{"@type":"BreadcrumbList","@id":"https:\/\/vitaliaquiro.com\/es\/aviso-legal\/#breadcrumb","itemListElement":[{"@type":"ListItem","position":1,"name":"Home","item":"https:\/\/vitaliaquiro.com\/es\/"},{"@type":"ListItem","position":2,"name":"Aviso Legal"}]},{"@type":"WebSite","@id":"https:\/\/vitaliaquiro.com\/es\/#website","url":"https:\/\/vitaliaquiro.com\/es\/","name":"Vitalia Chiropr\u00e1ctica Barcelona","description":"Integrated approach to rebuilding Vibrant Health &amp; Optimal Posture, so you can Look, Move &amp; Feel great!","publisher":{"@id":"https:\/\/vitaliaquiro.com\/es\/#organization"},"potentialAction":[{"@type":"SearchAction","target":{"@type":"EntryPoint","urlTemplate":"https:\/\/vitaliaquiro.com\/es\/?s={search_term_string}"},"query-input":{"@type":"PropertyValueSpecification","valueRequired":true,"valueName":"search_term_string"}}],"inLanguage":"es"},{"@type":"Organization","@id":"https:\/\/vitaliaquiro.com\/es\/#organization","name":"Vitalia Chiropr\u00e1ctica Barcelona","url":"https:\/\/vitaliaquiro.com\/es\/","logo":{"@type":"ImageObject","inLanguage":"es","@id":"https:\/\/vitaliaquiro.com\/es\/#\/schema\/logo\/image\/","url":"https:\/\/vitaliaquiro.com\/wp-content\/uploads\/Final-logo-09-e1748589819666.png","contentUrl":"https:\/\/vitaliaquiro.com\/wp-content\/uploads\/Final-logo-09-e1748589819666.png","width":2200,"height":748,"caption":"Vitalia Chiropr\u00e1ctica Barcelona"},"image":{"@id":"https:\/\/vitaliaquiro.com\/es\/#\/schema\/logo\/image\/"},"sameAs":["https:\/\/www.instagram.com\/drmuriel.neurology\/","https:\/\/www.linkedin.com\/company\/vitalia-quiropractica\/"]}]}},"_links":{"self":[{"href":"https:\/\/vitaliaquiro.com\/es\/wp-json\/wp\/v2\/pages\/1869","targetHints":{"allow":["GET"]}}],"collection":[{"href":"https:\/\/vitaliaquiro.com\/es\/wp-json\/wp\/v2\/pages"}],"about":[{"href":"https:\/\/vitaliaquiro.com\/es\/wp-json\/wp\/v2\/types\/page"}],"author":[{"embeddable":true,"href":"https:\/\/vitaliaquiro.com\/es\/wp-json\/wp\/v2\/users\/1"}],"replies":[{"embeddable":true,"href":"https:\/\/vitaliaquiro.com\/es\/wp-json\/wp\/v2\/comments?post=1869"}],"version-history":[{"count":1,"href":"https:\/\/vitaliaquiro.com\/es\/wp-json\/wp\/v2\/pages\/1869\/revisions"}],"predecessor-version":[{"id":1870,"href":"https:\/\/vitaliaquiro.com\/es\/wp-json\/wp\/v2\/pages\/1869\/revisions\/1870"}],"wp:attachment":[{"href":"https:\/\/vitaliaquiro.com\/es\/wp-json\/wp\/v2\/media?parent=1869"}],"curies":[{"name":"wp","href":"https:\/\/api.w.org\/{rel}","templated":true}]}}